{"id":2313,"date":"2025-12-23T01:12:39","date_gmt":"2025-12-23T00:12:39","guid":{"rendered":"https:\/\/allopadthai.fr\/?page_id=2313"},"modified":"2026-01-12T18:43:25","modified_gmt":"2026-01-12T17:43:25","slug":"menu-de-tourcoing","status":"publish","type":"page","link":"https:\/\/allopadthai.fr\/index.php\/menu-de-tourcoing\/","title":{"rendered":"Menu Tourcoing"},"content":{"rendered":"\t\t<div data-elementor-type=\"wp-page\" data-elementor-id=\"2313\" class=\"elementor elementor-2313\">\n\t\t\t\t<div class=\"elementor-element elementor-element-f6c876c e-grid e-con-boxed e-con e-parent\" data-id=\"f6c876c\" data-element_type=\"container\">\n\t\t\t\t\t<div class=\"e-con-inner\">\n\t\t<div class=\"elementor-element elementor-element-eb4f09c e-con-full e-flex e-con e-child\" data-id=\"eb4f09c\" data-element_type=\"container\">\n\t\t\t\t<\/div>\n\t\t\t\t<div class=\"elementor-element elementor-element-c8271a1 elementor-widget elementor-widget-heading\" data-id=\"c8271a1\" data-element_type=\"widget\" data-widget_type=\"heading.default\">\n\t\t\t\t\t<h2 class=\"elementor-heading-title elementor-size-default\">Nos formules<\/h2>\t\t\t\t<\/div>\n\t\t\t\t<div class=\"elementor-element elementor-element-4da034d elementor-widget elementor-widget-narestaurant_unique_food_menu\" data-id=\"4da034d\" data-element_type=\"widget\" data-widget_type=\"narestaurant_unique_food_menu.default\">\n\t\t\t\t<div class=\"elementor-widget-container\">\n\t\t\t\t\t<div class=\"narep-food-menu-wrap food-menu-three\"><div class=\"narep-food-menu-item-wrap zoom-image hav-img\">\n\t\t\t\t\t\t\t\t\t\t\t              <div class=\"narep-food-menu-item\"><div class=\"narep-image narep-popup\"><a href=\"https:\/\/allopadthai.fr\/wp-content\/uploads\/2025\/12\/formule-1.png\"><img decoding=\"async\" src=\"https:\/\/allopadthai.fr\/wp-content\/uploads\/2025\/12\/formule-1.png\" alt=\"Formule 1\"><\/a><\/div>\n\t\t\t\t\t\t\t\t\t\t\t              \t<div class=\"narep-customer-rating\"><i class=\"fa fa-star\"><\/i><i class=\"fa fa-star\"><\/i><i class=\"fa fa-star\"><\/i><i class=\"fa fa-star\"><\/i><i class=\"fa fa-star-o\"><\/i><\/div>\n\t\t\t\t\t\t\t\t\t\t\t                <\/div><div class=\"narep-food-menu-info\"><h4 class=\"narep-food-menu-title\"><span class=\"food-title\">Formule 1<\/span><\/h4><p>Entr\u00e9e au choix \n( 1 nem ou 1 samoussa ou 1 tempora au crevettes) + 1 plat au choix  + 1 boissons soft au choix<\/p><h5 class=\"food-price\"><span>11,90 \u20ac<\/span><\/h5><\/div>\n\t\t\t\t\t\t\t\t\t\t\t            <\/div><div class=\"narep-food-menu-item-wrap zoom-image hav-img food-menu-heighlight\">\n\t\t\t\t\t\t\t\t\t\t\t              <div class=\"narep-food-menu-item\"><div class=\"narep-image narep-popup\"><a href=\"https:\/\/allopadthai.fr\/wp-content\/uploads\/2025\/12\/formule-1.png\"><img decoding=\"async\" src=\"https:\/\/allopadthai.fr\/wp-content\/uploads\/2025\/12\/formule-1.png\" alt=\"Formule 2\"><\/a><\/div>\n\t\t\t\t\t\t\t\t\t\t\t              \t<div class=\"narep-customer-rating\"><i class=\"fa fa-star\"><\/i><i class=\"fa fa-star\"><\/i><i class=\"fa fa-star\"><\/i><i class=\"fa fa-star\"><\/i><i class=\"fa fa-star\"><\/i><\/div>\n\t\t\t\t\t\t\t\t\t\t\t                <\/div><div class=\"narep-food-menu-info\"><h4 class=\"narep-food-menu-title\"><span class=\"food-title\">Formule 2<\/span><\/h4><p>Entr\u00e9e (1 nem + 1 samoussa + 1 tempora au crevettes) + 1 plat au choix  + 1 boissons soft au choix + 1 dessert au choix<\/p><h5 class=\"food-price\"><span>14,90 \u20ac<\/span><\/h5><\/div>\n\t\t\t\t\t\t\t\t\t\t\t            <\/div><\/div>\t\t\t\t<\/div>\n\t\t\t\t<\/div>\n\t\t\t\t\t<\/div>\n\t\t\t\t<\/div>\n\t\t<div class=\"elementor-element elementor-element-ac9a067 e-con-full e-flex e-con e-parent\" data-id=\"ac9a067\" data-element_type=\"container\">\n\t\t\t\t<div class=\"elementor-element elementor-element-f62a81b elementor-widget elementor-widget-heading\" data-id=\"f62a81b\" data-element_type=\"widget\" data-widget_type=\"heading.default\">\n\t\t\t\t\t<h2 class=\"elementor-heading-title elementor-size-default\">Nos entr\u00e9es : <\/h2>\t\t\t\t<\/div>\n\t\t\t\t<div class=\"elementor-element elementor-element-0cb1fe6 elementor-widget elementor-widget-narestaurant_unique_food_menu\" data-id=\"0cb1fe6\" data-element_type=\"widget\" data-widget_type=\"narestaurant_unique_food_menu.default\">\n\t\t\t\t<div class=\"elementor-widget-container\">\n\t\t\t\t\t<div class=\"narep-food-menu-wrap food-menu-two\"><div class=\"nich-row nich-align-items-center\"><div class=\"nich-col-lg-4\">\n\t\t\t\t\t\t\t\t\t\t\t\t\t\t\t\t\t\t<div class=\"narep-food-menu-item-wrap zoom-image hav-img food-menu-heighlight non-veg food-indicator\">\n\t\t\t\t\t\t\t\t\t\t\t\t              <h5 class=\"food-label\">nos entr\u00e9es<\/h5><div class=\"narep-food-menu-item\"><div class=\"narep-image narep-popup\"><a href=\"https:\/\/allopadthai.fr\/wp-content\/uploads\/2025\/12\/nems-poulet.png\"><img decoding=\"async\" src=\"https:\/\/allopadthai.fr\/wp-content\/uploads\/2025\/12\/nems-poulet.png\" alt=\"3 nems aux poulet\"><\/a><\/div><span class=\"food-price\">4,5 \u20ac<\/span><\/div><div class=\"narep-food-menu-info\"><h4 class=\"narep-food-menu-title\">3 nems aux poulet<\/h4><p>Des rouleaux croustillants garnis de poulet finement hach\u00e9, m\u00eal\u00e9 \u00e0 des l\u00e9gumes croquants et d\u00e9licatement assaisonn\u00e9s, puis frits pour une texture dor\u00e9e et savoureuse.<\/p><\/div>\n\t\t\t\t\t\t\t\t\t\t\t\t            <\/div>\n\t\t\t\t\t\t\t\t\t\t\t            <\/div><div class=\"nich-col-lg-4\">\n\t\t\t\t\t\t\t\t\t\t\t\t\t\t\t\t\t\t<div class=\"narep-food-menu-item-wrap zoom-image hav-img veg food-indicator\">\n\t\t\t\t\t\t\t\t\t\t\t\t              <h5 class=\"food-label\">nos entr\u00e9es<\/h5><div class=\"narep-food-menu-item\"><div class=\"narep-image narep-popup\"><a href=\"https:\/\/allopadthai.fr\/wp-content\/uploads\/2025\/12\/nems-poulet.png\"><img decoding=\"async\" src=\"https:\/\/allopadthai.fr\/wp-content\/uploads\/2025\/12\/nems-poulet.png\" alt=\"3 nems aux l\u00e9gumes\"><\/a><\/div><span class=\"food-price\">4 \u20ac<\/span><\/div><div class=\"narep-food-menu-info\"><h4 class=\"narep-food-menu-title\">3 nems aux l\u00e9gumes<\/h4><p>3 Rouleaux croustillants garnis d\u2019un m\u00e9lange de l\u00e9gumes finement \u00e9minc\u00e9s, assaisonn\u00e9s et frits pour une bouch\u00e9e l\u00e9g\u00e8re et savoureuse.<\/p><\/div>\n\t\t\t\t\t\t\t\t\t\t\t\t            <\/div>\n\t\t\t\t\t\t\t\t\t\t\t            <\/div><div class=\"nich-col-lg-4\">\n\t\t\t\t\t\t\t\t\t\t\t\t\t\t\t\t\t\t<div class=\"narep-food-menu-item-wrap zoom-image hav-img food-menu-heighlight non-veg food-indicator\">\n\t\t\t\t\t\t\t\t\t\t\t\t              <h5 class=\"food-label\">nos entr\u00e9es<\/h5><div class=\"narep-food-menu-item\"><div class=\"narep-image narep-popup\"><a href=\"https:\/\/allopadthai.fr\/wp-content\/uploads\/2025\/12\/tempora.png\"><img decoding=\"async\" src=\"https:\/\/allopadthai.fr\/wp-content\/uploads\/2025\/12\/tempora.png\" alt=\"3 tempora crevettes\"><\/a><\/div><span class=\"food-price\">$11<\/span><\/div><div class=\"narep-food-menu-info\"><h4 class=\"narep-food-menu-title\">3 tempora crevettes<\/h4><p>Crevettes l\u00e9g\u00e8res et croustillantes, enrob\u00e9es d\u2019une p\u00e2te a\u00e9rienne et dor\u00e9es \u00e0 la perfection pour une bouch\u00e9e d\u00e9licate et fondante.<\/p><\/div>\n\t\t\t\t\t\t\t\t\t\t\t\t            <\/div>\n\t\t\t\t\t\t\t\t\t\t\t            <\/div><div class=\"nich-col-lg-4\">\n\t\t\t\t\t\t\t\t\t\t\t\t\t\t\t\t\t\t<div class=\"narep-food-menu-item-wrap zoom-image hav-img non-veg food-indicator\">\n\t\t\t\t\t\t\t\t\t\t\t\t              <h5 class=\"food-label\">Nos entr\u00e9es <\/h5><div class=\"narep-food-menu-item\"><div class=\"narep-image narep-popup\"><a href=\"https:\/\/allopadthai.fr\/wp-content\/uploads\/2025\/12\/samoussa.png\"><img decoding=\"async\" src=\"https:\/\/allopadthai.fr\/wp-content\/uploads\/2025\/12\/samoussa.png\" alt=\"3 samoussa aux boeuf\"><\/a><\/div><span class=\"food-price\">5 \u20ac<\/span><\/div><div class=\"narep-food-menu-info\"><h4 class=\"narep-food-menu-title\">3 samoussa aux boeuf<\/h4><p>Triangle croustillant, garni d\u2019une farce savoureuse \u00e0 base de viande de b\u0153uf finement hach\u00e9e. Parfum\u00e9e avec un m\u00e9lange d\u2019\u00e9pices chaudes.<\/p><\/div>\n\t\t\t\t\t\t\t\t\t\t\t\t            <\/div>\n\t\t\t\t\t\t\t\t\t\t\t            <\/div><\/div><\/div>\t\t\t\t<\/div>\n\t\t\t\t<\/div>\n\t\t\t\t<\/div>\n\t\t<div class=\"elementor-element elementor-element-8fdf29b e-flex e-con-boxed e-con e-parent\" data-id=\"8fdf29b\" data-element_type=\"container\">\n\t\t\t\t\t<div class=\"e-con-inner\">\n\t\t\t\t<div class=\"elementor-element elementor-element-555ee72 elementor-widget elementor-widget-heading\" data-id=\"555ee72\" data-element_type=\"widget\" data-widget_type=\"heading.default\">\n\t\t\t\t\t<h2 class=\"elementor-heading-title elementor-size-default\">Nos plats &amp; soupes<\/h2>\t\t\t\t<\/div>\n\t\t\t\t\t<\/div>\n\t\t\t\t<\/div>\n\t\t<div class=\"elementor-element elementor-element-8a3c8eb e-flex e-con-boxed e-con e-parent\" data-id=\"8a3c8eb\" data-element_type=\"container\">\n\t\t\t\t\t<div class=\"e-con-inner\">\n\t\t\t\t<div class=\"elementor-element elementor-element-ef5de2e elementor-widget elementor-widget-narestaurant_unique_food_menu\" data-id=\"ef5de2e\" data-element_type=\"widget\" data-widget_type=\"narestaurant_unique_food_menu.default\">\n\t\t\t\t<div class=\"elementor-widget-container\">\n\t\t\t\t\t<div class=\"narep-food-menu-wrap food-menu-two\"><div class=\"nich-row nich-align-items-center\"><div class=\"nich-col-lg-4\">\n\t\t\t\t\t\t\t\t\t\t\t\t\t\t\t\t\t\t<div class=\"narep-food-menu-item-wrap zoom-image hav-img food-menu-heighlight non-veg food-indicator\">\n\t\t\t\t\t\t\t\t\t\t\t\t              <h5 class=\"food-label\">Nos plats<\/h5><div class=\"narep-food-menu-item\"><div class=\"narep-image narep-popup\"><a href=\"https:\/\/allopadthai.fr\/wp-content\/uploads\/2025\/12\/pad-thai-vegan.png\"><img decoding=\"async\" src=\"https:\/\/allopadthai.fr\/wp-content\/uploads\/2025\/12\/pad-thai-vegan.png\" alt=\"Pad thai  boeuf \/ poulet \/ crevettes\"><\/a><\/div><span class=\"food-price\">9,9 \u20ac<\/span><\/div><div class=\"narep-food-menu-info\"><h4 class=\"narep-food-menu-title\">Pad thai  boeuf \/ poulet \/ crevettes<\/h4><p>pad de riz saut\u00e9 au l\u00e9gume \u00e0 la sauce tamarin<\/p><\/div>\n\t\t\t\t\t\t\t\t\t\t\t\t            <\/div>\n\t\t\t\t\t\t\t\t\t\t\t            <\/div><div class=\"nich-col-lg-4\">\n\t\t\t\t\t\t\t\t\t\t\t\t\t\t\t\t\t\t<div class=\"narep-food-menu-item-wrap zoom-image hav-img veg food-indicator\">\n\t\t\t\t\t\t\t\t\t\t\t\t              <h5 class=\"food-label\">Nos plats<\/h5><div class=\"narep-food-menu-item\"><div class=\"narep-image narep-popup\"><a href=\"https:\/\/allopadthai.fr\/wp-content\/uploads\/2025\/12\/pad-thai-vegan.png\"><img decoding=\"async\" src=\"https:\/\/allopadthai.fr\/wp-content\/uploads\/2025\/12\/pad-thai-vegan.png\" alt=\"Pad thai v\u00e9gan\"><\/a><\/div><span class=\"food-price\">8,5 \u20ac<\/span><\/div><div class=\"narep-food-menu-info\"><h4 class=\"narep-food-menu-title\">Pad thai v\u00e9gan<\/h4><p>pad de riz saut\u00e9 au l\u00e9gume \u00e0 la sauce tamarin<\/p><\/div>\n\t\t\t\t\t\t\t\t\t\t\t\t            <\/div>\n\t\t\t\t\t\t\t\t\t\t\t            <\/div><div class=\"nich-col-lg-4\">\n\t\t\t\t\t\t\t\t\t\t\t\t\t\t\t\t\t\t<div class=\"narep-food-menu-item-wrap zoom-image hav-img food-menu-heighlight non-veg food-indicator\">\n\t\t\t\t\t\t\t\t\t\t\t\t              <h5 class=\"food-label\">Nos plats<\/h5><div class=\"narep-food-menu-item\"><div class=\"narep-image narep-popup\"><a href=\"https:\/\/allopadthai.fr\/wp-content\/uploads\/2025\/12\/bobun.png\"><img decoding=\"async\" src=\"https:\/\/allopadthai.fr\/wp-content\/uploads\/2025\/12\/bobun.png\" alt=\"Bobun  boeuf \/ poulet \/ crevettes\"><\/a><\/div><span class=\"food-price\">9,9 \u20ac<\/span><\/div><div class=\"narep-food-menu-info\"><h4 class=\"narep-food-menu-title\">Bobun  boeuf \/ poulet \/ crevettes<\/h4><p>vermicelles de riz ti\u00e9de et l\u00e9gume frais<\/p><\/div>\n\t\t\t\t\t\t\t\t\t\t\t\t            <\/div>\n\t\t\t\t\t\t\t\t\t\t\t            <\/div><div class=\"nich-col-lg-4\">\n\t\t\t\t\t\t\t\t\t\t\t\t\t\t\t\t\t\t<div class=\"narep-food-menu-item-wrap zoom-image hav-img veg food-indicator\">\n\t\t\t\t\t\t\t\t\t\t\t\t              <h5 class=\"food-label\">Nos plats<\/h5><div class=\"narep-food-menu-item\"><div class=\"narep-image narep-popup\"><a href=\"https:\/\/allopadthai.fr\/wp-content\/uploads\/2025\/12\/bobun.png\"><img decoding=\"async\" src=\"https:\/\/allopadthai.fr\/wp-content\/uploads\/2025\/12\/bobun.png\" alt=\"Bobun  v\u00e9gan\"><\/a><\/div><span class=\"food-price\">8,5 \u20ac<\/span><\/div><div class=\"narep-food-menu-info\"><h4 class=\"narep-food-menu-title\">Bobun  v\u00e9gan<\/h4><p>vermicelles de riz ti\u00e9de et l\u00e9gume frais<\/p><\/div>\n\t\t\t\t\t\t\t\t\t\t\t\t            <\/div>\n\t\t\t\t\t\t\t\t\t\t\t            <\/div><div class=\"nich-col-lg-4\">\n\t\t\t\t\t\t\t\t\t\t\t\t\t\t\t\t\t\t<div class=\"narep-food-menu-item-wrap zoom-image hav-img food-menu-heighlight non-veg food-indicator\">\n\t\t\t\t\t\t\t\t\t\t\t\t              <h5 class=\"food-label\">Nos plats<\/h5><div class=\"narep-food-menu-item\"><div class=\"narep-image narep-popup\"><a href=\"https:\/\/allopadthai.fr\/wp-content\/uploads\/2025\/12\/pad-kao-pao.png\"><img decoding=\"async\" src=\"https:\/\/allopadthai.fr\/wp-content\/uploads\/2025\/12\/pad-kao-pao.png\" alt=\"pad kao pao  boeuf \/ poulet \/ crevettes\"><\/a><\/div><span class=\"food-price\">9,9 \u20ac<\/span><\/div><div class=\"narep-food-menu-info\"><h4 class=\"narep-food-menu-title\">pad kao pao  boeuf \/ poulet \/ crevettes<\/h4><p>viande hach\u00e9e saut\u00e9es au basilic, riz nature ou nouilles saut\u00e9es et oeufs<\/p><\/div>\n\t\t\t\t\t\t\t\t\t\t\t\t            <\/div>\n\t\t\t\t\t\t\t\t\t\t\t            <\/div><div class=\"nich-col-lg-4\">\n\t\t\t\t\t\t\t\t\t\t\t\t\t\t\t\t\t\t<div class=\"narep-food-menu-item-wrap zoom-image hav-img non-veg food-indicator\">\n\t\t\t\t\t\t\t\t\t\t\t\t              <h5 class=\"food-label\">Nos plats<\/h5><div class=\"narep-food-menu-item\"><div class=\"narep-image narep-popup\"><a href=\"https:\/\/allopadthai.fr\/wp-content\/uploads\/2025\/12\/curry-rouge.png\"><img decoding=\"async\" src=\"https:\/\/allopadthai.fr\/wp-content\/uploads\/2025\/12\/curry-rouge.png\" alt=\"curry rouge  boeuf \/ poulet \/ crevettes\"><\/a><\/div><span class=\"food-price\">9,9 \u20ac<\/span><\/div><div class=\"narep-food-menu-info\"><h4 class=\"narep-food-menu-title\">curry rouge  boeuf \/ poulet \/ crevettes<\/h4><p>curry rouge mijot\u00e9 au lait de coco, riz nature \/ nouilles saut\u00e9es<\/p><\/div>\n\t\t\t\t\t\t\t\t\t\t\t\t            <\/div>\n\t\t\t\t\t\t\t\t\t\t\t            <\/div><div class=\"nich-col-lg-4\">\n\t\t\t\t\t\t\t\t\t\t\t\t\t\t\t\t\t\t<div class=\"narep-food-menu-item-wrap zoom-image hav-img food-menu-heighlight non-veg food-indicator\">\n\t\t\t\t\t\t\t\t\t\t\t\t              <h5 class=\"food-label\">Nos plats<\/h5><div class=\"narep-food-menu-item\"><div class=\"narep-image narep-popup\"><a href=\"https:\/\/allopadthai.fr\/wp-content\/uploads\/2025\/12\/nouille-saute.png\"><img decoding=\"async\" src=\"https:\/\/allopadthai.fr\/wp-content\/uploads\/2025\/12\/nouille-saute.png\" alt=\"nouilles saut\u00e9es  boeuf \/ poulet \/ crevettes\"><\/a><\/div><span class=\"food-price\">9,9 \u20ac<\/span><\/div><div class=\"narep-food-menu-info\"><h4 class=\"narep-food-menu-title\">nouilles saut\u00e9es  boeuf \/ poulet \/ crevettes<\/h4><p>nouilles saut\u00e9es  boeuf \/ poulet \/ crevettes avec oeufs<\/p><\/div>\n\t\t\t\t\t\t\t\t\t\t\t\t            <\/div>\n\t\t\t\t\t\t\t\t\t\t\t            <\/div><div class=\"nich-col-lg-4\">\n\t\t\t\t\t\t\t\t\t\t\t\t\t\t\t\t\t\t<div class=\"narep-food-menu-item-wrap zoom-image hav-img non-veg food-indicator\">\n\t\t\t\t\t\t\t\t\t\t\t\t              <h5 class=\"food-label\">Nos plats<\/h5><div class=\"narep-food-menu-item\"><div class=\"narep-image narep-popup\"><a href=\"https:\/\/allopadthai.fr\/wp-content\/uploads\/2025\/12\/soupe.png\"><img decoding=\"async\" src=\"https:\/\/allopadthai.fr\/wp-content\/uploads\/2025\/12\/soupe.png\" alt=\"soupe de udon fraiche au poulet\"><\/a><\/div><span class=\"food-price\">10 \u20ac<\/span><\/div><div class=\"narep-food-menu-info\"><h4 class=\"narep-food-menu-title\">soupe de udon fraiche au poulet<\/h4><p>Krao plek sen, bouillon de poulet<\/p><\/div>\n\t\t\t\t\t\t\t\t\t\t\t\t            <\/div>\n\t\t\t\t\t\t\t\t\t\t\t            <\/div><div class=\"nich-col-lg-4\">\n\t\t\t\t\t\t\t\t\t\t\t\t\t\t\t\t\t\t<div class=\"narep-food-menu-item-wrap zoom-image hav-img food-menu-heighlight non-veg food-indicator\">\n\t\t\t\t\t\t\t\t\t\t\t\t              <h5 class=\"food-label\">Nos plats<\/h5><div class=\"narep-food-menu-item\"><div class=\"narep-image narep-popup\"><a href=\"https:\/\/allopadthai.fr\/wp-content\/uploads\/2025\/12\/soupe.png\"><img decoding=\"async\" src=\"https:\/\/allopadthai.fr\/wp-content\/uploads\/2025\/12\/soupe.png\" alt=\"soupe de vermicelles fraiche curry coco\"><\/a><\/div><span class=\"food-price\">10 \u20ac<\/span><\/div><div class=\"narep-food-menu-info\"><h4 class=\"narep-food-menu-title\">soupe de vermicelles fraiche curry coco<\/h4><p>Mijot\u00e9 de curry rouge et lait de coco, poulet ou boeuf<\/p><\/div>\n\t\t\t\t\t\t\t\t\t\t\t\t            <\/div>\n\t\t\t\t\t\t\t\t\t\t\t            <\/div><\/div><\/div>\t\t\t\t<\/div>\n\t\t\t\t<\/div>\n\t\t\t\t<div class=\"elementor-element elementor-element-aa21990 elementor-widget elementor-widget-heading\" data-id=\"aa21990\" data-element_type=\"widget\" data-widget_type=\"heading.default\">\n\t\t\t\t\t<h2 class=\"elementor-heading-title elementor-size-default\">Nos desserts<\/h2>\t\t\t\t<\/div>\n\t\t\t\t\t<\/div>\n\t\t\t\t<\/div>\n\t\t<div class=\"elementor-element elementor-element-cc0bc24 e-flex e-con-boxed e-con e-parent\" data-id=\"cc0bc24\" data-element_type=\"container\">\n\t\t\t\t\t<div class=\"e-con-inner\">\n\t\t\t\t<div class=\"elementor-element elementor-element-4ba3101 elementor-widget elementor-widget-narestaurant_unique_food_menu\" data-id=\"4ba3101\" data-element_type=\"widget\" data-widget_type=\"narestaurant_unique_food_menu.default\">\n\t\t\t\t<div class=\"elementor-widget-container\">\n\t\t\t\t\t<div class=\"narep-food-menu-wrap food-menu-two\"><div class=\"nich-row nich-align-items-center\"><div class=\"nich-col-lg-4\">\n\t\t\t\t\t\t\t\t\t\t\t\t\t\t\t\t\t\t<div class=\"narep-food-menu-item-wrap zoom-image hav-img food-menu-heighlight\">\n\t\t\t\t\t\t\t\t\t\t\t\t              <div class=\"narep-food-menu-item\"><div class=\"narep-image narep-popup\"><a href=\"https:\/\/allopadthai.fr\/wp-content\/uploads\/2025\/12\/perle-coco.png\"><img decoding=\"async\" src=\"https:\/\/allopadthai.fr\/wp-content\/uploads\/2025\/12\/perle-coco.png\" alt=\"Perle de coco x3\"><\/a><\/div><span class=\"food-price\">4 \u20ac<\/span><\/div><div class=\"narep-food-menu-info\"><h4 class=\"narep-food-menu-title\">Perle de coco x3<\/h4><\/div>\n\t\t\t\t\t\t\t\t\t\t\t\t            <\/div>\n\t\t\t\t\t\t\t\t\t\t\t            <\/div><div class=\"nich-col-lg-4\">\n\t\t\t\t\t\t\t\t\t\t\t\t\t\t\t\t\t\t<div class=\"narep-food-menu-item-wrap zoom-image hav-img\">\n\t\t\t\t\t\t\t\t\t\t\t\t              <div class=\"narep-food-menu-item\"><div class=\"narep-image narep-popup\"><a href=\"https:\/\/allopadthai.fr\/wp-content\/uploads\/2025\/12\/gateau-de-riz.png\"><img decoding=\"async\" src=\"https:\/\/allopadthai.fr\/wp-content\/uploads\/2025\/12\/gateau-de-riz.png\" alt=\"gateau de riz gluant \u00e0 la banane\"><\/a><\/div><span class=\"food-price\">3 \u20ac<\/span><\/div><div class=\"narep-food-menu-info\"><h4 class=\"narep-food-menu-title\">gateau de riz gluant \u00e0 la banane<\/h4><p>Riz gluant fondant enveloppant une banane sucr\u00e9e, cuit \u00e0 la vapeur pour une douceur exotique et moelleuse.<\/p><\/div>\n\t\t\t\t\t\t\t\t\t\t\t\t            <\/div>\n\t\t\t\t\t\t\t\t\t\t\t            <\/div><\/div><\/div>\t\t\t\t<\/div>\n\t\t\t\t<\/div>\n\t\t\t\t<div class=\"elementor-element elementor-element-6e68ac0 elementor-widget elementor-widget-heading\" data-id=\"6e68ac0\" data-element_type=\"widget\" data-widget_type=\"heading.default\">\n\t\t\t\t\t<h2 class=\"elementor-heading-title elementor-size-default\">nos boissons<\/h2>\t\t\t\t<\/div>\n\t\t\t\t<div class=\"elementor-element elementor-element-a016923 elementor-widget elementor-widget-narestaurant_unique_food_menu\" data-id=\"a016923\" data-element_type=\"widget\" data-widget_type=\"narestaurant_unique_food_menu.default\">\n\t\t\t\t<div class=\"elementor-widget-container\">\n\t\t\t\t\t<div class=\"narep-food-menu-wrap food-menu-two\"><div class=\"nich-row nich-align-items-center\"><div class=\"nich-col-lg-4\">\n\t\t\t\t\t\t\t\t\t\t\t\t\t\t\t\t\t\t<div class=\"narep-food-menu-item-wrap zoom-image hav-img food-menu-heighlight\">\n\t\t\t\t\t\t\t\t\t\t\t\t              <div class=\"narep-food-menu-item\"><div class=\"narep-image narep-popup\"><a href=\"https:\/\/allopadthai.fr\/wp-content\/uploads\/2025\/12\/coca.png\"><img decoding=\"async\" src=\"https:\/\/allopadthai.fr\/wp-content\/uploads\/2025\/12\/coca.png\" alt=\"Coca cola\"><\/a><\/div><span class=\"food-price\">2 \u20ac<\/span><\/div><div class=\"narep-food-menu-info\"><h4 class=\"narep-food-menu-title\">Coca cola<\/h4><\/div>\n\t\t\t\t\t\t\t\t\t\t\t\t            <\/div>\n\t\t\t\t\t\t\t\t\t\t\t            <\/div><div class=\"nich-col-lg-4\">\n\t\t\t\t\t\t\t\t\t\t\t\t\t\t\t\t\t\t<div class=\"narep-food-menu-item-wrap zoom-image hav-img\">\n\t\t\t\t\t\t\t\t\t\t\t\t              <div class=\"narep-food-menu-item\"><div class=\"narep-image narep-popup\"><a href=\"https:\/\/allopadthai.fr\/wp-content\/uploads\/2025\/12\/coco-zero.png\"><img decoding=\"async\" src=\"https:\/\/allopadthai.fr\/wp-content\/uploads\/2025\/12\/coco-zero.png\" alt=\"Coca cola Zero\"><\/a><\/div><span class=\"food-price\">2 \u20ac<\/span><\/div><div class=\"narep-food-menu-info\"><h4 class=\"narep-food-menu-title\">Coca cola Zero<\/h4><\/div>\n\t\t\t\t\t\t\t\t\t\t\t\t            <\/div>\n\t\t\t\t\t\t\t\t\t\t\t            <\/div><div class=\"nich-col-lg-4\">\n\t\t\t\t\t\t\t\t\t\t\t\t\t\t\t\t\t\t<div class=\"narep-food-menu-item-wrap zoom-image hav-img food-menu-heighlight\">\n\t\t\t\t\t\t\t\t\t\t\t\t              <div class=\"narep-food-menu-item\"><div class=\"narep-image narep-popup\"><a href=\"https:\/\/allopadthai.fr\/wp-content\/uploads\/2025\/12\/lipton.png\"><img decoding=\"async\" src=\"https:\/\/allopadthai.fr\/wp-content\/uploads\/2025\/12\/lipton.png\" alt=\"Ice Tea\"><\/a><\/div><span class=\"food-price\">2 \u20ac<\/span><\/div><div class=\"narep-food-menu-info\"><h4 class=\"narep-food-menu-title\">Ice Tea<\/h4><\/div>\n\t\t\t\t\t\t\t\t\t\t\t\t            <\/div>\n\t\t\t\t\t\t\t\t\t\t\t            <\/div><div class=\"nich-col-lg-4\">\n\t\t\t\t\t\t\t\t\t\t\t\t\t\t\t\t\t\t<div class=\"narep-food-menu-item-wrap zoom-image hav-img\">\n\t\t\t\t\t\t\t\t\t\t\t\t              <div class=\"narep-food-menu-item\"><div class=\"narep-image narep-popup\"><a href=\"https:\/\/allopadthai.fr\/wp-content\/uploads\/2025\/12\/biere.webp\"><img decoding=\"async\" src=\"https:\/\/allopadthai.fr\/wp-content\/uploads\/2025\/12\/biere.webp\" alt=\"Bi\u00e8re Thai, Singha\"><\/a><\/div><span class=\"food-price\">4 \u20ac<\/span><\/div><div class=\"narep-food-menu-info\"><h4 class=\"narep-food-menu-title\">Bi\u00e8re Thai, Singha<\/h4><\/div>\n\t\t\t\t\t\t\t\t\t\t\t\t            <\/div>\n\t\t\t\t\t\t\t\t\t\t\t            <\/div><\/div><\/div>\t\t\t\t<\/div>\n\t\t\t\t<\/div>\n\t\t\t\t\t<\/div>\n\t\t\t\t<\/div>\n\t\t<div class=\"elementor-element elementor-element-e39cc0d e-flex e-con-boxed e-con e-parent\" data-id=\"e39cc0d\" data-element_type=\"container\">\n\t\t\t\t\t<div class=\"e-con-inner\">\n\t\t\t\t\t<\/div>\n\t\t\t\t<\/div>\n\t\t\t\t<\/div>\n\t\t","protected":false},"excerpt":{"rendered":"<p>Nos formules Formule 1 Entr\u00e9e au choix ( 1 nem ou 1 samoussa ou 1 tempora au crevettes) + 1 plat au choix + 1 boissons soft au choix 11,90 \u20ac Formule 2 Entr\u00e9e (1 nem + 1 samoussa + 1 tempora au crevettes) + 1 plat au choix + 1 boissons soft au choix&#8230;<\/p>\n","protected":false},"author":1,"featured_media":2422,"parent":0,"menu_order":0,"comment_status":"closed","ping_status":"closed","template":"elementor_header_footer","meta":{"_kad_post_transparent":"","_kad_post_title":"","_kad_post_layout":"","_kad_post_sidebar_id":"","_kad_post_content_style":"","_kad_post_vertical_padding":"","_kad_post_feature":"","_kad_post_feature_position":"","_kad_post_header":false,"_kad_post_footer":false,"_kad_post_classname":"","footnotes":""},"class_list":["post-2313","page","type-page","status-publish","has-post-thumbnail","hentry"],"_links":{"self":[{"href":"https:\/\/allopadthai.fr\/index.php\/wp-json\/wp\/v2\/pages\/2313","targetHints":{"allow":["GET"]}}],"collection":[{"href":"https:\/\/allopadthai.fr\/index.php\/wp-json\/wp\/v2\/pages"}],"about":[{"href":"https:\/\/allopadthai.fr\/index.php\/wp-json\/wp\/v2\/types\/page"}],"author":[{"embeddable":true,"href":"https:\/\/allopadthai.fr\/index.php\/wp-json\/wp\/v2\/users\/1"}],"replies":[{"embeddable":true,"href":"https:\/\/allopadthai.fr\/index.php\/wp-json\/wp\/v2\/comments?post=2313"}],"version-history":[{"count":11,"href":"https:\/\/allopadthai.fr\/index.php\/wp-json\/wp\/v2\/pages\/2313\/revisions"}],"predecessor-version":[{"id":2426,"href":"https:\/\/allopadthai.fr\/index.php\/wp-json\/wp\/v2\/pages\/2313\/revisions\/2426"}],"wp:featuredmedia":[{"embeddable":true,"href":"https:\/\/allopadthai.fr\/index.php\/wp-json\/wp\/v2\/media\/2422"}],"wp:attachment":[{"href":"https:\/\/allopadthai.fr\/index.php\/wp-json\/wp\/v2\/media?parent=2313"}],"curies":[{"name":"wp","href":"https:\/\/api.w.org\/{rel}","templated":true}]}}